{"id":621,"date":"2023-02-17T09:38:24","date_gmt":"2023-02-17T09:38:24","guid":{"rendered":"https:\/\/perouse-nice.ms.decms.eu\/restaurant-et-bar\/"},"modified":"2023-07-17T14:21:42","modified_gmt":"2023-07-17T14:21:42","slug":"restaurant-bar-terrace","status":"publish","type":"page","link":"https:\/\/perouse-nice.ms.decms.eu\/en\/restaurant-bar-terrace\/","title":{"rendered":"Le Patio Restaurant &#038; Terrace"},"content":{"rendered":"","protected":false},"excerpt":{"rendered":"","protected":false},"author":10,"featured_media":0,"parent":0,"menu_order":0,"comment_status":"closed","ping_status":"closed","template":"template-restaurant.php","meta":[],"class_list":["post-621","page","type-page","status-publish","hentry"],"yoast_head":"<!-- This site is optimized with the Yoast SEO plugin v26.9 - https:\/\/yoast.com\/product\/yoast-seo-wordpress\/ -->\n<title>Bar and Restaurant with Terrace in Nice | La P\u00e9rouse Hotel<\/title>\n<meta name=\"description\" content=\"D\u00e9couvrez notre restaurant avec terrasse sur la promenade des Anglais. Ouvert \u00e0 tous, le Patio propose une d\u00e9licieuse cuisine d&#039;inspiration r\u00e9gionale.A restaurant with indoor and outdoor seating on the Promenade des Anglais near Castle Hill, Le Patio is open year-round for inspired regional cuisine.\" \/>\n<meta name=\"robots\" content=\"noindex, follow, max-snippet:-1, max-image-preview:large, max-video-preview:-1\" \/>\n<meta property=\"og:locale\" content=\"en_US\" \/>\n<meta property=\"og:type\" content=\"article\" \/>\n<meta property=\"og:title\" content=\"Bar and Restaurant with Terrace in Nice | La P\u00e9rouse Hotel\" \/>\n<meta property=\"og:description\" content=\"D\u00e9couvrez notre restaurant avec terrasse sur la promenade des Anglais. Ouvert \u00e0 tous, le Patio propose une d\u00e9licieuse cuisine d&#039;inspiration r\u00e9gionale.A restaurant with indoor and outdoor seating on the Promenade des Anglais near Castle Hill, Le Patio is open year-round for inspired regional cuisine.\" \/>\n<meta property=\"og:url\" content=\"https:\/\/perouse-nice.ms.decms.eu\/en\/restaurant-bar-terrace\/\" \/>\n<meta property=\"og:site_name\" content=\"Perouse Nice\" \/>\n<meta property=\"article:modified_time\" content=\"2023-07-17T14:21:42+00:00\" \/>\n<meta name=\"twitter:card\" content=\"summary_large_image\" \/>\n<script type=\"application\/ld+json\" class=\"yoast-schema-graph\">{\"@context\":\"https:\/\/schema.org\",\"@graph\":[{\"@type\":\"WebPage\",\"@id\":\"https:\/\/perouse-nice.ms.decms.eu\/en\/restaurant-bar-terrace\/\",\"url\":\"https:\/\/perouse-nice.ms.decms.eu\/en\/restaurant-bar-terrace\/\",\"name\":\"Bar and Restaurant with Terrace in Nice | La P\u00e9rouse Hotel\",\"isPartOf\":{\"@id\":\"https:\/\/perouse-nice.ms.decms.eu\/en\/#website\"},\"datePublished\":\"2023-02-17T09:38:24+00:00\",\"dateModified\":\"2023-07-17T14:21:42+00:00\",\"description\":\"D\u00e9couvrez notre restaurant avec terrasse sur la promenade des Anglais. Ouvert \u00e0 tous, le Patio propose une d\u00e9licieuse cuisine d'inspiration r\u00e9gionale.A restaurant with indoor and outdoor seating on the Promenade des Anglais near Castle Hill, Le Patio is open year-round for inspired regional cuisine.\",\"breadcrumb\":{\"@id\":\"https:\/\/perouse-nice.ms.decms.eu\/en\/restaurant-bar-terrace\/#breadcrumb\"},\"inLanguage\":\"en-US\",\"potentialAction\":[{\"@type\":\"ReadAction\",\"target\":[\"https:\/\/perouse-nice.ms.decms.eu\/en\/restaurant-bar-terrace\/\"]}]},{\"@type\":\"BreadcrumbList\",\"@id\":\"https:\/\/perouse-nice.ms.decms.eu\/en\/restaurant-bar-terrace\/#breadcrumb\",\"itemListElement\":[{\"@type\":\"ListItem\",\"position\":1,\"name\":\"Home\",\"item\":\"https:\/\/perouse-nice.ms.decms.eu\/en\/\"},{\"@type\":\"ListItem\",\"position\":2,\"name\":\"Le Patio Restaurant &#038; Terrace\"}]},{\"@type\":\"WebSite\",\"@id\":\"https:\/\/perouse-nice.ms.decms.eu\/en\/#website\",\"url\":\"https:\/\/perouse-nice.ms.decms.eu\/en\/\",\"name\":\"Perouse Nice\",\"description\":\"Hotel La P\u00e9rouse Nice\",\"potentialAction\":[{\"@type\":\"SearchAction\",\"target\":{\"@type\":\"EntryPoint\",\"urlTemplate\":\"https:\/\/perouse-nice.ms.decms.eu\/en\/?s={search_term_string}\"},\"query-input\":{\"@type\":\"PropertyValueSpecification\",\"valueRequired\":true,\"valueName\":\"search_term_string\"}}],\"inLanguage\":\"en-US\"}]}<\/script>\n<!-- \/ Yoast SEO plugin. -->","yoast_head_json":{"title":"Bar and Restaurant with Terrace in Nice | La P\u00e9rouse Hotel","description":"D\u00e9couvrez notre restaurant avec terrasse sur la promenade des Anglais. Ouvert \u00e0 tous, le Patio propose une d\u00e9licieuse cuisine d'inspiration r\u00e9gionale.A restaurant with indoor and outdoor seating on the Promenade des Anglais near Castle Hill, Le Patio is open year-round for inspired regional cuisine.","robots":{"index":"noindex","follow":"follow","max-snippet":"max-snippet:-1","max-image-preview":"max-image-preview:large","max-video-preview":"max-video-preview:-1"},"og_locale":"en_US","og_type":"article","og_title":"Bar and Restaurant with Terrace in Nice | La P\u00e9rouse Hotel","og_description":"D\u00e9couvrez notre restaurant avec terrasse sur la promenade des Anglais. Ouvert \u00e0 tous, le Patio propose une d\u00e9licieuse cuisine d'inspiration r\u00e9gionale.A restaurant with indoor and outdoor seating on the Promenade des Anglais near Castle Hill, Le Patio is open year-round for inspired regional cuisine.","og_url":"https:\/\/perouse-nice.ms.decms.eu\/en\/restaurant-bar-terrace\/","og_site_name":"Perouse Nice","article_modified_time":"2023-07-17T14:21:42+00:00","twitter_card":"summary_large_image","schema":{"@context":"https:\/\/schema.org","@graph":[{"@type":"WebPage","@id":"https:\/\/perouse-nice.ms.decms.eu\/en\/restaurant-bar-terrace\/","url":"https:\/\/perouse-nice.ms.decms.eu\/en\/restaurant-bar-terrace\/","name":"Bar and Restaurant with Terrace in Nice | La P\u00e9rouse Hotel","isPartOf":{"@id":"https:\/\/perouse-nice.ms.decms.eu\/en\/#website"},"datePublished":"2023-02-17T09:38:24+00:00","dateModified":"2023-07-17T14:21:42+00:00","description":"D\u00e9couvrez notre restaurant avec terrasse sur la promenade des Anglais. Ouvert \u00e0 tous, le Patio propose une d\u00e9licieuse cuisine d'inspiration r\u00e9gionale.A restaurant with indoor and outdoor seating on the Promenade des Anglais near Castle Hill, Le Patio is open year-round for inspired regional cuisine.","breadcrumb":{"@id":"https:\/\/perouse-nice.ms.decms.eu\/en\/restaurant-bar-terrace\/#breadcrumb"},"inLanguage":"en-US","potentialAction":[{"@type":"ReadAction","target":["https:\/\/perouse-nice.ms.decms.eu\/en\/restaurant-bar-terrace\/"]}]},{"@type":"BreadcrumbList","@id":"https:\/\/perouse-nice.ms.decms.eu\/en\/restaurant-bar-terrace\/#breadcrumb","itemListElement":[{"@type":"ListItem","position":1,"name":"Home","item":"https:\/\/perouse-nice.ms.decms.eu\/en\/"},{"@type":"ListItem","position":2,"name":"Le Patio Restaurant &#038; Terrace"}]},{"@type":"WebSite","@id":"https:\/\/perouse-nice.ms.decms.eu\/en\/#website","url":"https:\/\/perouse-nice.ms.decms.eu\/en\/","name":"Perouse Nice","description":"Hotel La P\u00e9rouse Nice","potentialAction":[{"@type":"SearchAction","target":{"@type":"EntryPoint","urlTemplate":"https:\/\/perouse-nice.ms.decms.eu\/en\/?s={search_term_string}"},"query-input":{"@type":"PropertyValueSpecification","valueRequired":true,"valueName":"search_term_string"}}],"inLanguage":"en-US"}]}},"acf":[],"_links":{"self":[{"href":"https:\/\/perouse-nice.ms.decms.eu\/en\/wp-json\/wp\/v2\/pages\/621","targetHints":{"allow":["GET"]}}],"collection":[{"href":"https:\/\/perouse-nice.ms.decms.eu\/en\/wp-json\/wp\/v2\/pages"}],"about":[{"href":"https:\/\/perouse-nice.ms.decms.eu\/en\/wp-json\/wp\/v2\/types\/page"}],"author":[{"embeddable":true,"href":"https:\/\/perouse-nice.ms.decms.eu\/en\/wp-json\/wp\/v2\/users\/10"}],"replies":[{"embeddable":true,"href":"https:\/\/perouse-nice.ms.decms.eu\/en\/wp-json\/wp\/v2\/comments?post=621"}],"version-history":[{"count":0,"href":"https:\/\/perouse-nice.ms.decms.eu\/en\/wp-json\/wp\/v2\/pages\/621\/revisions"}],"wp:attachment":[{"href":"https:\/\/perouse-nice.ms.decms.eu\/en\/wp-json\/wp\/v2\/media?parent=621"}],"curies":[{"name":"wp","href":"https:\/\/api.w.org\/{rel}","templated":true}]}}